{"id":13343,"date":"2025-05-20T16:51:08","date_gmt":"2025-05-20T16:51:08","guid":{"rendered":"https:\/\/belegend.pt\/new-registration-choose-your-plan\/"},"modified":"2025-06-03T08:24:35","modified_gmt":"2025-06-03T08:24:35","slug":"new-registration-choose-your-plan","status":"publish","type":"page","link":"https:\/\/belegend.pt\/en\/new-registration-choose-your-plan\/","title":{"rendered":"New Registration \u2013 Choose Your Plan"},"content":{"rendered":"\t\t<div data-elementor-type=\"wp-page\" data-elementor-id=\"13343\" class=\"elementor elementor-13343 elementor-12121\" data-elementor-post-type=\"page\">\n\t\t\t\t<div class=\"elementor-element elementor-element-80a6d37 e-flex e-con-boxed e-con e-parent\" data-id=\"80a6d37\" data-element_type=\"container\" data-e-type=\"container\">\n\t\t\t\t\t<div class=\"e-con-inner\">\n\t\t<section class=\"elementor-element elementor-element-5cf80c2 sectionDim e-con-full e-flex e-con e-child\" data-id=\"5cf80c2\" data-element_type=\"container\" data-e-type=\"container\" data-settings=\"{&quot;background_background&quot;:&quot;classic&quot;}\">\n\t\t\t\t<div class=\"elementor-element elementor-element-9c89c15 elementor-widget elementor-widget-heading\" data-id=\"9c89c15\" data-element_type=\"widget\" data-e-type=\"widget\" data-widget_type=\"heading.default\">\n\t\t\t\t<div class=\"elementor-widget-container\">\n\t\t\t\t\t<h2 class=\"elementor-heading-title elementor-size-default\">Something went wrong! Please try again. <\/h2>\t\t\t\t<\/div>\n\t\t\t\t<\/div>\n\t\t\t\t<div class=\"elementor-element elementor-element-6864671 elementor-widget elementor-widget-spacer\" data-id=\"6864671\" data-element_type=\"widget\" data-e-type=\"widget\" data-widget_type=\"spacer.default\">\n\t\t\t\t<div class=\"elementor-widget-container\">\n\t\t\t\t\t\t\t<div class=\"elementor-spacer\">\n\t\t\t<div class=\"elementor-spacer-inner\"><\/div>\n\t\t<\/div>\n\t\t\t\t\t\t<\/div>\n\t\t\t\t<\/div>\n\t\t\t\t<div class=\"elementor-element elementor-element-8cceecb elementor-widget__width-inherit elementor-widget elementor-widget-text-editor\" data-id=\"8cceecb\" data-element_type=\"widget\" data-e-type=\"widget\" data-widget_type=\"text-editor.default\">\n\t\t\t\t<div class=\"elementor-widget-container\">\n\t\t\t\t\t\t\t\t\t<p>You\u2019ll be redirected to step 1 \u2014 please follow all steps in order.<\/p>\t\t\t\t\t\t\t\t<\/div>\n\t\t\t\t<\/div>\n\t\t\t\t<div class=\"elementor-element elementor-element-7c8a9f4 elementor-countdown--label-block elementor-widget elementor-widget-countdown\" data-id=\"7c8a9f4\" data-element_type=\"widget\" data-e-type=\"widget\" data-widget_type=\"countdown.default\">\n\t\t\t\t<div class=\"elementor-widget-container\">\n\t\t\t\t\t\t\t<div data-evergreen-interval=\"6\" data-expire-actions=\"[{&quot;type&quot;:&quot;redirect&quot;,&quot;redirect_url&quot;:&quot;https:\\\/\\\/belegend.pt\\\/inscricao-v2\\\/&quot;}]\" class=\"elementor-countdown-wrapper\" data-date=\"\">\n\t\t\t<div class=\"elementor-countdown-item\"><span class=\"elementor-countdown-digits elementor-countdown-seconds\"><\/span><\/div>\t\t<\/div>\n\t\t\t\t\t\t<\/div>\n\t\t\t\t<\/div>\n\t\t\t\t<div class=\"elementor-element elementor-element-9b936b8 elementor-widget elementor-widget-spacer\" data-id=\"9b936b8\" data-element_type=\"widget\" data-e-type=\"widget\" data-widget_type=\"spacer.default\">\n\t\t\t\t<div class=\"elementor-widget-container\">\n\t\t\t\t\t\t\t<div class=\"elementor-spacer\">\n\t\t\t<div class=\"elementor-spacer-inner\"><\/div>\n\t\t<\/div>\n\t\t\t\t\t\t<\/div>\n\t\t\t\t<\/div>\n\t\t\t\t<\/section>\n\t\t\t\t\t<\/div>\n\t\t\t\t<\/div>\n\t\t\t\t<\/div>\n\t\t","protected":false},"excerpt":{"rendered":"<p>The best machines and equipment at the best prices Free Plan Train with our most affordable plan From 40\u20ac 6-month commitment.Direct debit. Select ED_icons inscri\u00e7\u00e3o SITE NOVO LEGEND 24 ABRIL 25 INSCRI\u00c7\u00c3O-08 No unlimited access toLEGEND GYM locations ED_icons inscri\u00e7\u00e3o SITE NOVO LEGEND 24 ABRIL 25 INSCRI\u00c7\u00c3O-09 50% OFFSIGN-UP FEE 25\u20ac Bring 3 friends per [&hellip;]<\/p>\n","protected":false},"author":1,"featured_media":0,"parent":0,"menu_order":0,"comment_status":"closed","ping_status":"closed","template":"","meta":{"footnotes":""},"class_list":["post-13343","page","type-page","status-publish","hentry"],"yoast_head":"<!-- This site is optimized with the Yoast SEO plugin v27.5 - https:\/\/yoast.com\/product\/yoast-seo-wordpress\/ -->\n<title>New Registration \u2013 Choose Your Plan - Be Legend<\/title>\n<meta name=\"robots\" content=\"index, follow, max-snippet:-1, max-image-preview:large, max-video-preview:-1\" \/>\n<link rel=\"canonical\" href=\"https:\/\/belegend.pt\/en\/new-registration-choose-your-plan\/\" \/>\n<meta property=\"og:locale\" content=\"en_US\" \/>\n<meta property=\"og:type\" content=\"article\" \/>\n<meta property=\"og:title\" content=\"New Registration \u2013 Choose Your Plan - Be Legend\" \/>\n<meta property=\"og:description\" content=\"The best machines and equipment at the best prices Free Plan Train with our most affordable plan From 40\u20ac 6-month commitment.Direct debit. Select ED_icons inscri\u00e7\u00e3o SITE NOVO LEGEND 24 ABRIL 25 INSCRI\u00c7\u00c3O-08 No unlimited access toLEGEND GYM locations ED_icons inscri\u00e7\u00e3o SITE NOVO LEGEND 24 ABRIL 25 INSCRI\u00c7\u00c3O-09 50% OFFSIGN-UP FEE 25\u20ac Bring 3 friends per [&hellip;]\" \/>\n<meta property=\"og:url\" content=\"https:\/\/belegend.pt\/en\/new-registration-choose-your-plan\/\" \/>\n<meta property=\"og:site_name\" content=\"Be Legend\" \/>\n<meta property=\"article:modified_time\" content=\"2025-06-03T08:24:35+00:00\" \/>\n<meta name=\"twitter:card\" content=\"summary_large_image\" \/>\n<meta name=\"twitter:label1\" content=\"Est. reading time\" \/>\n\t<meta name=\"twitter:data1\" content=\"3 minutes\" \/>\n<script type=\"application\/ld+json\" class=\"yoast-schema-graph\">{\"@context\":\"https:\\\/\\\/schema.org\",\"@graph\":[{\"@type\":\"WebPage\",\"@id\":\"https:\\\/\\\/belegend.pt\\\/en\\\/new-registration-choose-your-plan\\\/\",\"url\":\"https:\\\/\\\/belegend.pt\\\/en\\\/new-registration-choose-your-plan\\\/\",\"name\":\"New Registration \u2013 Choose Your Plan - Be Legend\",\"isPartOf\":{\"@id\":\"https:\\\/\\\/belegend.pt\\\/#website\"},\"datePublished\":\"2025-05-20T16:51:08+00:00\",\"dateModified\":\"2025-06-03T08:24:35+00:00\",\"breadcrumb\":{\"@id\":\"https:\\\/\\\/belegend.pt\\\/en\\\/new-registration-choose-your-plan\\\/#breadcrumb\"},\"inLanguage\":\"en-US\",\"potentialAction\":[{\"@type\":\"ReadAction\",\"target\":[\"https:\\\/\\\/belegend.pt\\\/en\\\/new-registration-choose-your-plan\\\/\"]}]},{\"@type\":\"BreadcrumbList\",\"@id\":\"https:\\\/\\\/belegend.pt\\\/en\\\/new-registration-choose-your-plan\\\/#breadcrumb\",\"itemListElement\":[{\"@type\":\"ListItem\",\"position\":1,\"name\":\"Home\",\"item\":\"https:\\\/\\\/belegend.pt\\\/en\\\/new-home\\\/\"},{\"@type\":\"ListItem\",\"position\":2,\"name\":\"New Registration \u2013 Choose Your Plan\"}]},{\"@type\":\"WebSite\",\"@id\":\"https:\\\/\\\/belegend.pt\\\/#website\",\"url\":\"https:\\\/\\\/belegend.pt\\\/\",\"name\":\"Be Legend\",\"description\":\"\",\"publisher\":{\"@id\":\"https:\\\/\\\/belegend.pt\\\/#organization\"},\"potentialAction\":[{\"@type\":\"SearchAction\",\"target\":{\"@type\":\"EntryPoint\",\"urlTemplate\":\"https:\\\/\\\/belegend.pt\\\/?s={search_term_string}\"},\"query-input\":{\"@type\":\"PropertyValueSpecification\",\"valueRequired\":true,\"valueName\":\"search_term_string\"}}],\"inLanguage\":\"en-US\"},{\"@type\":\"Organization\",\"@id\":\"https:\\\/\\\/belegend.pt\\\/#organization\",\"name\":\"Be Legend\",\"url\":\"https:\\\/\\\/belegend.pt\\\/\",\"logo\":{\"@type\":\"ImageObject\",\"inLanguage\":\"en-US\",\"@id\":\"https:\\\/\\\/belegend.pt\\\/#\\\/schema\\\/logo\\\/image\\\/\",\"url\":\"https:\\\/\\\/belegend.pt\\\/wp-content\\\/uploads\\\/2023\\\/02\\\/belegend-logowhite.png\",\"contentUrl\":\"https:\\\/\\\/belegend.pt\\\/wp-content\\\/uploads\\\/2023\\\/02\\\/belegend-logowhite.png\",\"width\":512,\"height\":366,\"caption\":\"Be Legend\"},\"image\":{\"@id\":\"https:\\\/\\\/belegend.pt\\\/#\\\/schema\\\/logo\\\/image\\\/\"}}]}<\/script>\n<!-- \/ Yoast SEO plugin. -->","yoast_head_json":{"title":"New Registration \u2013 Choose Your Plan - Be Legend","robots":{"index":"index","follow":"follow","max-snippet":"max-snippet:-1","max-image-preview":"max-image-preview:large","max-video-preview":"max-video-preview:-1"},"canonical":"https:\/\/belegend.pt\/en\/new-registration-choose-your-plan\/","og_locale":"en_US","og_type":"article","og_title":"New Registration \u2013 Choose Your Plan - Be Legend","og_description":"The best machines and equipment at the best prices Free Plan Train with our most affordable plan From 40\u20ac 6-month commitment.Direct debit. Select ED_icons inscri\u00e7\u00e3o SITE NOVO LEGEND 24 ABRIL 25 INSCRI\u00c7\u00c3O-08 No unlimited access toLEGEND GYM locations ED_icons inscri\u00e7\u00e3o SITE NOVO LEGEND 24 ABRIL 25 INSCRI\u00c7\u00c3O-09 50% OFFSIGN-UP FEE 25\u20ac Bring 3 friends per [&hellip;]","og_url":"https:\/\/belegend.pt\/en\/new-registration-choose-your-plan\/","og_site_name":"Be Legend","article_modified_time":"2025-06-03T08:24:35+00:00","twitter_card":"summary_large_image","twitter_misc":{"Est. reading time":"3 minutes"},"schema":{"@context":"https:\/\/schema.org","@graph":[{"@type":"WebPage","@id":"https:\/\/belegend.pt\/en\/new-registration-choose-your-plan\/","url":"https:\/\/belegend.pt\/en\/new-registration-choose-your-plan\/","name":"New Registration \u2013 Choose Your Plan - Be Legend","isPartOf":{"@id":"https:\/\/belegend.pt\/#website"},"datePublished":"2025-05-20T16:51:08+00:00","dateModified":"2025-06-03T08:24:35+00:00","breadcrumb":{"@id":"https:\/\/belegend.pt\/en\/new-registration-choose-your-plan\/#breadcrumb"},"inLanguage":"en-US","potentialAction":[{"@type":"ReadAction","target":["https:\/\/belegend.pt\/en\/new-registration-choose-your-plan\/"]}]},{"@type":"BreadcrumbList","@id":"https:\/\/belegend.pt\/en\/new-registration-choose-your-plan\/#breadcrumb","itemListElement":[{"@type":"ListItem","position":1,"name":"Home","item":"https:\/\/belegend.pt\/en\/new-home\/"},{"@type":"ListItem","position":2,"name":"New Registration \u2013 Choose Your Plan"}]},{"@type":"WebSite","@id":"https:\/\/belegend.pt\/#website","url":"https:\/\/belegend.pt\/","name":"Be Legend","description":"","publisher":{"@id":"https:\/\/belegend.pt\/#organization"},"potentialAction":[{"@type":"SearchAction","target":{"@type":"EntryPoint","urlTemplate":"https:\/\/belegend.pt\/?s={search_term_string}"},"query-input":{"@type":"PropertyValueSpecification","valueRequired":true,"valueName":"search_term_string"}}],"inLanguage":"en-US"},{"@type":"Organization","@id":"https:\/\/belegend.pt\/#organization","name":"Be Legend","url":"https:\/\/belegend.pt\/","logo":{"@type":"ImageObject","inLanguage":"en-US","@id":"https:\/\/belegend.pt\/#\/schema\/logo\/image\/","url":"https:\/\/belegend.pt\/wp-content\/uploads\/2023\/02\/belegend-logowhite.png","contentUrl":"https:\/\/belegend.pt\/wp-content\/uploads\/2023\/02\/belegend-logowhite.png","width":512,"height":366,"caption":"Be Legend"},"image":{"@id":"https:\/\/belegend.pt\/#\/schema\/logo\/image\/"}}]}},"_links":{"self":[{"href":"https:\/\/belegend.pt\/en\/wp-json\/wp\/v2\/pages\/13343","targetHints":{"allow":["GET"]}}],"collection":[{"href":"https:\/\/belegend.pt\/en\/wp-json\/wp\/v2\/pages"}],"about":[{"href":"https:\/\/belegend.pt\/en\/wp-json\/wp\/v2\/types\/page"}],"author":[{"embeddable":true,"href":"https:\/\/belegend.pt\/en\/wp-json\/wp\/v2\/users\/1"}],"replies":[{"embeddable":true,"href":"https:\/\/belegend.pt\/en\/wp-json\/wp\/v2\/comments?post=13343"}],"version-history":[{"count":0,"href":"https:\/\/belegend.pt\/en\/wp-json\/wp\/v2\/pages\/13343\/revisions"}],"wp:attachment":[{"href":"https:\/\/belegend.pt\/en\/wp-json\/wp\/v2\/media?parent=13343"}],"curies":[{"name":"wp","href":"https:\/\/api.w.org\/{rel}","templated":true}]}}